{"id":10456,"date":"2026-01-09T11:14:41","date_gmt":"2026-01-09T11:14:41","guid":{"rendered":"https:\/\/aitaneestit.ee\/partner-parnu-naiste-tugikeskus\/"},"modified":"2026-04-17T13:29:30","modified_gmt":"2026-04-17T13:29:30","slug":"partner-parnu-naiste-tugikeskus","status":"publish","type":"page","link":"https:\/\/aitaneestit.ee\/ru\/partner-parnu-naiste-tugikeskus\/","title":{"rendered":"partner &#8211; P\u00e4rnu Naiste Tugikeskus"},"content":{"rendered":"\t\t<div data-elementor-type=\"wp-page\" data-elementor-id=\"10456\" class=\"elementor elementor-10456 elementor-10420\" data-elementor-post-type=\"page\">\n\t\t\t\t\t\t<section class=\"elementor-section elementor-top-section elementor-element elementor-element-2208599 elementor-section-boxed elementor-section-height-default elementor-section-height-default\" data-id=\"2208599\" data-element_type=\"section\" data-e-type=\"section\">\n\t\t\t\t\t\t<div class=\"elementor-container elementor-column-gap-default\">\n\t\t\t\t\t<div class=\"elementor-column elementor-col-50 elementor-top-column elementor-element elementor-element-574408f\" data-id=\"574408f\" data-element_type=\"column\" data-e-type=\"column\">\n\t\t\t<div class=\"elementor-widget-wrap elementor-element-populated\">\n\t\t\t\t\t\t<div class=\"elementor-element elementor-element-2ef2e67 elementor-widget elementor-widget-text-editor\" data-id=\"2ef2e67\" data-element_type=\"widget\" data-e-type=\"widget\" data-widget_type=\"text-editor.default\">\n\t\t\t\t<div class=\"elementor-widget-container\">\n\t\t\t\t\t\t\t\t\t<p>MT\u00dc P\u00e4rnu Naiste Tugikeskus asutati 2009.a. \u00dchenduse eesm\u00e4rk on l\u00e4hisuhtev\u00e4givalla ohvrite abistamine kujundades naisele turvalise keskkonna, austades naise iseseisvat otsustamise \u00f5igust.<\/p><p>MT\u00dc teenused on l\u00e4hisuhtev\u00e4givalla all kannatavatele naistele (vajadusel koos lastega) tasuta ning vastavad abivajaja vajadustele. Eesm\u00e4rk on v\u00e4ljuda v\u00e4givallaringist.\u00a0<\/p><p>Organisatsioon pakub igap\u00e4evaselt ja tasuta l\u00e4hisuhtev\u00e4givalla ohvritele sotsiaalset, juriidilist, ps\u00fchholoogilist, toimetuleku, kohtueelset ning kogemusn\u00f5ustamist. Samuti viiakse tasuta l\u00e4bi loovtegevusi ja erinevaid kaasaegseid ja ajakohaseid innovaatilisi loovteraapiaid. Tegeletakse ka l\u00e4hisuhtev\u00e4givalla ennetamise ja avalikkuse teavitamisega ning koolituste korraldamisega. Samuti korraldatakse suviseid laagreid naistele ja lastele.\u00a0<\/p><p>L\u00e4hisuhtev\u00e4givallas elanud inimeste igap\u00e4evast toimetulekut tuleb teatud perioodidel toetada, kuni on saavutatud taas enesekindlus, \u00f5igus ja oskus iseseisvalt oma elu \u00fcle otsustada ja vastutada.\u00a0\u00a0<\/p>\t\t\t\t\t\t\t\t<\/div>\n\t\t\t\t<\/div>\n\t\t\t\t\t<\/div>\n\t\t<\/div>\n\t\t\t\t<div class=\"elementor-column elementor-col-50 elementor-top-column elementor-element elementor-element-c88de97\" data-id=\"c88de97\" data-element_type=\"column\" data-e-type=\"column\">\n\t\t\t<div class=\"elementor-widget-wrap elementor-element-populated\">\n\t\t\t\t\t\t<div class=\"elementor-element elementor-element-dfc03ce elementor-widget elementor-widget-image\" data-id=\"dfc03ce\" data-element_type=\"widget\" data-e-type=\"widget\" data-widget_type=\"image.default\">\n\t\t\t\t<div class=\"elementor-widget-container\">\n\t\t\t\t\t\t\t\t\t\t\t\t\t\t\t<img fetchpriority=\"high\" decoding=\"async\" width=\"407\" height=\"302\" src=\"https:\/\/aitaneestit.ee\/wp-content\/uploads\/2026\/01\/ParnuNTTK.jpg.jpg\" class=\"attachment-large size-large wp-image-10424\" alt=\"\" srcset=\"https:\/\/aitaneestit.ee\/wp-content\/uploads\/2026\/01\/ParnuNTTK.jpg.jpg 407w, https:\/\/aitaneestit.ee\/wp-content\/uploads\/2026\/01\/ParnuNTTK.jpg-300x223.jpg 300w\" sizes=\"(max-width: 407px) 100vw, 407px\" \/>\t\t\t\t\t\t\t\t\t\t\t\t\t\t\t<\/div>\n\t\t\t\t<\/div>\n\t\t\t\t\t<\/div>\n\t\t<\/div>\n\t\t\t\t\t<\/div>\n\t\t<\/section>\n\t\t\t\t<\/div>\n\t\t","protected":false},"excerpt":{"rendered":"<p>MT\u00dc P\u00e4rnu Naiste Tugikeskus asutati 2009.a. \u00dchenduse eesm\u00e4rk on l\u00e4hisuhtev\u00e4givalla ohvrite abistamine kujundades naisele turvalise keskkonna, austades naise iseseisvat otsustamise \u00f5igust. MT\u00dc teenused on l\u00e4hisuhtev\u00e4givalla all kannatavatele naistele (vajadusel koos lastega) tasuta ning vastavad abivajaja vajadustele. Eesm\u00e4rk on v\u00e4ljuda v\u00e4givallaringist.\u00a0 Organisatsioon pakub igap\u00e4evaselt ja tasuta l\u00e4hisuhtev\u00e4givalla ohvritele sotsiaalset, juriidilist, ps\u00fchholoogilist, toimetuleku, kohtueelset ning kogemusn\u00f5ustamist. Samuti&hellip;<\/p>\n","protected":false},"author":4,"featured_media":0,"parent":0,"menu_order":0,"comment_status":"closed","ping_status":"closed","template":"elementor_header_footer","meta":{"give_campaign_id":0,"footnotes":""},"class_list":["post-10456","page","type-page","status-publish","hentry"],"yoast_head":"<!-- This site is optimized with the Yoast SEO plugin v27.3 - https:\/\/yoast.com\/product\/yoast-seo-wordpress\/ -->\n<title>partner - P\u00e4rnu Naiste Tugikeskus - aitaneestit.ee<\/title>\n<meta name=\"robots\" content=\"index, follow, max-snippet:-1, max-image-preview:large, max-video-preview:-1\" \/>\n<link rel=\"canonical\" href=\"https:\/\/aitaneestit.ee\/ru\/partner-parnu-naiste-tugikeskus\/\" \/>\n<meta property=\"og:locale\" content=\"ru_RU\" \/>\n<meta property=\"og:type\" content=\"article\" \/>\n<meta property=\"og:title\" content=\"partner - P\u00e4rnu Naiste Tugikeskus - aitaneestit.ee\" \/>\n<meta property=\"og:description\" content=\"MT\u00dc P\u00e4rnu Naiste Tugikeskus asutati 2009.a. \u00dchenduse eesm\u00e4rk on l\u00e4hisuhtev\u00e4givalla ohvrite abistamine kujundades naisele turvalise keskkonna, austades naise iseseisvat otsustamise \u00f5igust. MT\u00dc teenused on l\u00e4hisuhtev\u00e4givalla all kannatavatele naistele (vajadusel koos lastega) tasuta ning vastavad abivajaja vajadustele. Eesm\u00e4rk on v\u00e4ljuda v\u00e4givallaringist.\u00a0 Organisatsioon pakub igap\u00e4evaselt ja tasuta l\u00e4hisuhtev\u00e4givalla ohvritele sotsiaalset, juriidilist, ps\u00fchholoogilist, toimetuleku, kohtueelset ning kogemusn\u00f5ustamist. Samuti&hellip;\" \/>\n<meta property=\"og:url\" content=\"https:\/\/aitaneestit.ee\/ru\/partner-parnu-naiste-tugikeskus\/\" \/>\n<meta property=\"og:site_name\" content=\"aitaneestit.ee\" \/>\n<meta property=\"article:modified_time\" content=\"2026-04-17T13:29:30+00:00\" \/>\n<meta property=\"og:image\" content=\"https:\/\/aitaneestit.ee\/wp-content\/uploads\/2026\/01\/ParnuNTTK.jpg.jpg\" \/>\n\t<meta property=\"og:image:width\" content=\"407\" \/>\n\t<meta property=\"og:image:height\" content=\"302\" \/>\n\t<meta property=\"og:image:type\" content=\"image\/jpeg\" \/>\n<meta name=\"twitter:card\" content=\"summary_large_image\" \/>\n<meta name=\"twitter:label1\" content=\"\u041f\u0440\u0438\u043c\u0435\u0440\u043d\u043e\u0435 \u0432\u0440\u0435\u043c\u044f \u0434\u043b\u044f \u0447\u0442\u0435\u043d\u0438\u044f\" \/>\n\t<meta name=\"twitter:data1\" content=\"1 \u043c\u0438\u043d\u0443\u0442\u0430\" \/>\n<script type=\"application\/ld+json\" class=\"yoast-schema-graph\">{\"@context\":\"https:\\\/\\\/schema.org\",\"@graph\":[{\"@type\":\"WebPage\",\"@id\":\"https:\\\/\\\/aitaneestit.ee\\\/ru\\\/partner-parnu-naiste-tugikeskus\\\/\",\"url\":\"https:\\\/\\\/aitaneestit.ee\\\/ru\\\/partner-parnu-naiste-tugikeskus\\\/\",\"name\":\"partner - P\u00e4rnu Naiste Tugikeskus - aitaneestit.ee\",\"isPartOf\":{\"@id\":\"https:\\\/\\\/aitaneestit.ee\\\/ru\\\/#website\"},\"primaryImageOfPage\":{\"@id\":\"https:\\\/\\\/aitaneestit.ee\\\/ru\\\/partner-parnu-naiste-tugikeskus\\\/#primaryimage\"},\"image\":{\"@id\":\"https:\\\/\\\/aitaneestit.ee\\\/ru\\\/partner-parnu-naiste-tugikeskus\\\/#primaryimage\"},\"thumbnailUrl\":\"https:\\\/\\\/aitaneestit.ee\\\/wp-content\\\/uploads\\\/2026\\\/01\\\/ParnuNTTK.jpg.jpg\",\"datePublished\":\"2026-01-09T11:14:41+00:00\",\"dateModified\":\"2026-04-17T13:29:30+00:00\",\"breadcrumb\":{\"@id\":\"https:\\\/\\\/aitaneestit.ee\\\/ru\\\/partner-parnu-naiste-tugikeskus\\\/#breadcrumb\"},\"inLanguage\":\"ru-RU\",\"potentialAction\":[{\"@type\":\"ReadAction\",\"target\":[\"https:\\\/\\\/aitaneestit.ee\\\/ru\\\/partner-parnu-naiste-tugikeskus\\\/\"]}]},{\"@type\":\"ImageObject\",\"inLanguage\":\"ru-RU\",\"@id\":\"https:\\\/\\\/aitaneestit.ee\\\/ru\\\/partner-parnu-naiste-tugikeskus\\\/#primaryimage\",\"url\":\"https:\\\/\\\/aitaneestit.ee\\\/wp-content\\\/uploads\\\/2026\\\/01\\\/ParnuNTTK.jpg.jpg\",\"contentUrl\":\"https:\\\/\\\/aitaneestit.ee\\\/wp-content\\\/uploads\\\/2026\\\/01\\\/ParnuNTTK.jpg.jpg\"},{\"@type\":\"BreadcrumbList\",\"@id\":\"https:\\\/\\\/aitaneestit.ee\\\/ru\\\/partner-parnu-naiste-tugikeskus\\\/#breadcrumb\",\"itemListElement\":[{\"@type\":\"ListItem\",\"position\":1,\"name\":\"Home\",\"item\":\"https:\\\/\\\/aitaneestit.ee\\\/ru\\\/\"},{\"@type\":\"ListItem\",\"position\":2,\"name\":\"partner &#8211; P\u00e4rnu Naiste Tugikeskus\"}]},{\"@type\":\"WebSite\",\"@id\":\"https:\\\/\\\/aitaneestit.ee\\\/ru\\\/#website\",\"url\":\"https:\\\/\\\/aitaneestit.ee\\\/ru\\\/\",\"name\":\"aitaneestit.ee\",\"description\":\"\",\"publisher\":{\"@id\":\"https:\\\/\\\/aitaneestit.ee\\\/ru\\\/#organization\"},\"potentialAction\":[{\"@type\":\"SearchAction\",\"target\":{\"@type\":\"EntryPoint\",\"urlTemplate\":\"https:\\\/\\\/aitaneestit.ee\\\/ru\\\/?s={search_term_string}\"},\"query-input\":{\"@type\":\"PropertyValueSpecification\",\"valueRequired\":true,\"valueName\":\"search_term_string\"}}],\"inLanguage\":\"ru-RU\"},{\"@type\":\"Organization\",\"@id\":\"https:\\\/\\\/aitaneestit.ee\\\/ru\\\/#organization\",\"name\":\"aitaneestit.ee\",\"url\":\"https:\\\/\\\/aitaneestit.ee\\\/ru\\\/\",\"logo\":{\"@type\":\"ImageObject\",\"inLanguage\":\"ru-RU\",\"@id\":\"https:\\\/\\\/aitaneestit.ee\\\/ru\\\/#\\\/schema\\\/logo\\\/image\\\/\",\"url\":\"https:\\\/\\\/aitaneestit.ee\\\/wp-content\\\/uploads\\\/2020\\\/05\\\/Aitan_Eestit_logo_v\u00e4rviline.png\",\"contentUrl\":\"https:\\\/\\\/aitaneestit.ee\\\/wp-content\\\/uploads\\\/2020\\\/05\\\/Aitan_Eestit_logo_v\u00e4rviline.png\",\"width\":116,\"height\":57,\"caption\":\"aitaneestit.ee\"},\"image\":{\"@id\":\"https:\\\/\\\/aitaneestit.ee\\\/ru\\\/#\\\/schema\\\/logo\\\/image\\\/\"}}]}<\/script>\n<!-- \/ Yoast SEO plugin. -->","yoast_head_json":{"title":"partner - P\u00e4rnu Naiste Tugikeskus - aitaneestit.ee","robots":{"index":"index","follow":"follow","max-snippet":"max-snippet:-1","max-image-preview":"max-image-preview:large","max-video-preview":"max-video-preview:-1"},"canonical":"https:\/\/aitaneestit.ee\/ru\/partner-parnu-naiste-tugikeskus\/","og_locale":"ru_RU","og_type":"article","og_title":"partner - P\u00e4rnu Naiste Tugikeskus - aitaneestit.ee","og_description":"MT\u00dc P\u00e4rnu Naiste Tugikeskus asutati 2009.a. \u00dchenduse eesm\u00e4rk on l\u00e4hisuhtev\u00e4givalla ohvrite abistamine kujundades naisele turvalise keskkonna, austades naise iseseisvat otsustamise \u00f5igust. MT\u00dc teenused on l\u00e4hisuhtev\u00e4givalla all kannatavatele naistele (vajadusel koos lastega) tasuta ning vastavad abivajaja vajadustele. Eesm\u00e4rk on v\u00e4ljuda v\u00e4givallaringist.\u00a0 Organisatsioon pakub igap\u00e4evaselt ja tasuta l\u00e4hisuhtev\u00e4givalla ohvritele sotsiaalset, juriidilist, ps\u00fchholoogilist, toimetuleku, kohtueelset ning kogemusn\u00f5ustamist. Samuti&hellip;","og_url":"https:\/\/aitaneestit.ee\/ru\/partner-parnu-naiste-tugikeskus\/","og_site_name":"aitaneestit.ee","article_modified_time":"2026-04-17T13:29:30+00:00","og_image":[{"width":407,"height":302,"url":"https:\/\/aitaneestit.ee\/wp-content\/uploads\/2026\/01\/ParnuNTTK.jpg.jpg","type":"image\/jpeg"}],"twitter_card":"summary_large_image","twitter_misc":{"\u041f\u0440\u0438\u043c\u0435\u0440\u043d\u043e\u0435 \u0432\u0440\u0435\u043c\u044f \u0434\u043b\u044f \u0447\u0442\u0435\u043d\u0438\u044f":"1 \u043c\u0438\u043d\u0443\u0442\u0430"},"schema":{"@context":"https:\/\/schema.org","@graph":[{"@type":"WebPage","@id":"https:\/\/aitaneestit.ee\/ru\/partner-parnu-naiste-tugikeskus\/","url":"https:\/\/aitaneestit.ee\/ru\/partner-parnu-naiste-tugikeskus\/","name":"partner - P\u00e4rnu Naiste Tugikeskus - aitaneestit.ee","isPartOf":{"@id":"https:\/\/aitaneestit.ee\/ru\/#website"},"primaryImageOfPage":{"@id":"https:\/\/aitaneestit.ee\/ru\/partner-parnu-naiste-tugikeskus\/#primaryimage"},"image":{"@id":"https:\/\/aitaneestit.ee\/ru\/partner-parnu-naiste-tugikeskus\/#primaryimage"},"thumbnailUrl":"https:\/\/aitaneestit.ee\/wp-content\/uploads\/2026\/01\/ParnuNTTK.jpg.jpg","datePublished":"2026-01-09T11:14:41+00:00","dateModified":"2026-04-17T13:29:30+00:00","breadcrumb":{"@id":"https:\/\/aitaneestit.ee\/ru\/partner-parnu-naiste-tugikeskus\/#breadcrumb"},"inLanguage":"ru-RU","potentialAction":[{"@type":"ReadAction","target":["https:\/\/aitaneestit.ee\/ru\/partner-parnu-naiste-tugikeskus\/"]}]},{"@type":"ImageObject","inLanguage":"ru-RU","@id":"https:\/\/aitaneestit.ee\/ru\/partner-parnu-naiste-tugikeskus\/#primaryimage","url":"https:\/\/aitaneestit.ee\/wp-content\/uploads\/2026\/01\/ParnuNTTK.jpg.jpg","contentUrl":"https:\/\/aitaneestit.ee\/wp-content\/uploads\/2026\/01\/ParnuNTTK.jpg.jpg"},{"@type":"BreadcrumbList","@id":"https:\/\/aitaneestit.ee\/ru\/partner-parnu-naiste-tugikeskus\/#breadcrumb","itemListElement":[{"@type":"ListItem","position":1,"name":"Home","item":"https:\/\/aitaneestit.ee\/ru\/"},{"@type":"ListItem","position":2,"name":"partner &#8211; P\u00e4rnu Naiste Tugikeskus"}]},{"@type":"WebSite","@id":"https:\/\/aitaneestit.ee\/ru\/#website","url":"https:\/\/aitaneestit.ee\/ru\/","name":"aitaneestit.ee","description":"","publisher":{"@id":"https:\/\/aitaneestit.ee\/ru\/#organization"},"potentialAction":[{"@type":"SearchAction","target":{"@type":"EntryPoint","urlTemplate":"https:\/\/aitaneestit.ee\/ru\/?s={search_term_string}"},"query-input":{"@type":"PropertyValueSpecification","valueRequired":true,"valueName":"search_term_string"}}],"inLanguage":"ru-RU"},{"@type":"Organization","@id":"https:\/\/aitaneestit.ee\/ru\/#organization","name":"aitaneestit.ee","url":"https:\/\/aitaneestit.ee\/ru\/","logo":{"@type":"ImageObject","inLanguage":"ru-RU","@id":"https:\/\/aitaneestit.ee\/ru\/#\/schema\/logo\/image\/","url":"https:\/\/aitaneestit.ee\/wp-content\/uploads\/2020\/05\/Aitan_Eestit_logo_v\u00e4rviline.png","contentUrl":"https:\/\/aitaneestit.ee\/wp-content\/uploads\/2020\/05\/Aitan_Eestit_logo_v\u00e4rviline.png","width":116,"height":57,"caption":"aitaneestit.ee"},"image":{"@id":"https:\/\/aitaneestit.ee\/ru\/#\/schema\/logo\/image\/"}}]}},"campaignId":"","_links":{"self":[{"href":"https:\/\/aitaneestit.ee\/ru\/wp-json\/wp\/v2\/pages\/10456","targetHints":{"allow":["GET"]}}],"collection":[{"href":"https:\/\/aitaneestit.ee\/ru\/wp-json\/wp\/v2\/pages"}],"about":[{"href":"https:\/\/aitaneestit.ee\/ru\/wp-json\/wp\/v2\/types\/page"}],"author":[{"embeddable":true,"href":"https:\/\/aitaneestit.ee\/ru\/wp-json\/wp\/v2\/users\/4"}],"replies":[{"embeddable":true,"href":"https:\/\/aitaneestit.ee\/ru\/wp-json\/wp\/v2\/comments?post=10456"}],"version-history":[{"count":3,"href":"https:\/\/aitaneestit.ee\/ru\/wp-json\/wp\/v2\/pages\/10456\/revisions"}],"predecessor-version":[{"id":11613,"href":"https:\/\/aitaneestit.ee\/ru\/wp-json\/wp\/v2\/pages\/10456\/revisions\/11613"}],"wp:attachment":[{"href":"https:\/\/aitaneestit.ee\/ru\/wp-json\/wp\/v2\/media?parent=10456"}],"curies":[{"name":"wp","href":"https:\/\/api.w.org\/{rel}","templated":true}]}}