{"id":10451,"date":"2026-01-09T11:16:49","date_gmt":"2026-01-09T11:16:49","guid":{"rendered":"https:\/\/aitaneestit.ee\/partner-noored-kooli\/"},"modified":"2026-04-17T13:16:25","modified_gmt":"2026-04-17T13:16:25","slug":"partner-noored-kooli","status":"publish","type":"page","link":"https:\/\/aitaneestit.ee\/ru\/partner-noored-kooli\/","title":{"rendered":"partner &#8211; Noored Kooli"},"content":{"rendered":"\t\t<div data-elementor-type=\"wp-page\" data-elementor-id=\"10451\" class=\"elementor elementor-10451 elementor-10428\" data-elementor-post-type=\"page\">\n\t\t\t\t\t\t<section class=\"elementor-section elementor-top-section elementor-element elementor-element-2208599 elementor-section-boxed elementor-section-height-default elementor-section-height-default\" data-id=\"2208599\" data-element_type=\"section\" data-e-type=\"section\">\n\t\t\t\t\t\t<div class=\"elementor-container elementor-column-gap-default\">\n\t\t\t\t\t<div class=\"elementor-column elementor-col-50 elementor-top-column elementor-element elementor-element-574408f\" data-id=\"574408f\" data-element_type=\"column\" data-e-type=\"column\">\n\t\t\t<div class=\"elementor-widget-wrap elementor-element-populated\">\n\t\t\t\t\t\t<div class=\"elementor-element elementor-element-e5a4c18 elementor-widget elementor-widget-text-editor\" data-id=\"e5a4c18\" data-element_type=\"widget\" data-e-type=\"widget\" data-widget_type=\"text-editor.default\">\n\t\t\t\t<div class=\"elementor-widget-container\">\n\t\t\t\t\t\t\t\t\t<p>Noored Kooli seisab haridusliku ebav\u00f5rdsuse v\u00e4hendamise eest Eestis. Organisatsioon toob \u00fcldhariduskoolidesse t\u00f6\u00f6le v\u00f5imekaid ja motiveeritud inimesi erinevatelt elualadelt ning toetab nende arengut \u00f5petajate ja hariduse eestvedajatena. Noored Kooli paneb r\u00f5hku \u00f5pi- ja sotsiaalemotsionaalsete p\u00e4devuste arendamisele klassiruumis, selleks, et iga laps Eestis saaks v\u00e4ga hea hariduse, s\u00f5ltumata tema elukohast v\u00f5i sotsiaalmajanduslikust taustast.\u00a0<\/p><p style=\"text-align: left;\">Aitan Eestit MT\u00dc on \u00fcheks s\u00fcdameasjaks v\u00f5tnud ennetustegevuste toetamise. Meie laste mitmek\u00fclgne ja kvaliteetne haridus on Eesti tuleviku jaoks \u00fcliolulise t\u00e4htsusega.\u00a0<\/p>\t\t\t\t\t\t\t\t<\/div>\n\t\t\t\t<\/div>\n\t\t\t\t\t<\/div>\n\t\t<\/div>\n\t\t\t\t<div class=\"elementor-column elementor-col-50 elementor-top-column elementor-element elementor-element-c88de97\" data-id=\"c88de97\" data-element_type=\"column\" data-e-type=\"column\">\n\t\t\t<div class=\"elementor-widget-wrap elementor-element-populated\">\n\t\t\t\t\t\t<div class=\"elementor-element elementor-element-dfc03ce elementor-widget elementor-widget-image\" data-id=\"dfc03ce\" data-element_type=\"widget\" data-e-type=\"widget\" data-widget_type=\"image.default\">\n\t\t\t\t<div class=\"elementor-widget-container\">\n\t\t\t\t\t\t\t\t\t\t\t\t\t\t\t<img fetchpriority=\"high\" decoding=\"async\" width=\"1024\" height=\"505\" src=\"https:\/\/aitaneestit.ee\/wp-content\/uploads\/2026\/01\/NooredKooli_logo-withtagline-01-1024x505.png\" class=\"attachment-large size-large wp-image-10432\" alt=\"\" srcset=\"https:\/\/aitaneestit.ee\/wp-content\/uploads\/2026\/01\/NooredKooli_logo-withtagline-01-1024x505.png 1024w, https:\/\/aitaneestit.ee\/wp-content\/uploads\/2026\/01\/NooredKooli_logo-withtagline-01-300x148.png 300w, https:\/\/aitaneestit.ee\/wp-content\/uploads\/2026\/01\/NooredKooli_logo-withtagline-01-768x378.png 768w, https:\/\/aitaneestit.ee\/wp-content\/uploads\/2026\/01\/NooredKooli_logo-withtagline-01-600x296.png 600w, https:\/\/aitaneestit.ee\/wp-content\/uploads\/2026\/01\/NooredKooli_logo-withtagline-01.png 1382w\" sizes=\"(max-width: 1024px) 100vw, 1024px\" \/>\t\t\t\t\t\t\t\t\t\t\t\t\t\t\t<\/div>\n\t\t\t\t<\/div>\n\t\t\t\t\t<\/div>\n\t\t<\/div>\n\t\t\t\t\t<\/div>\n\t\t<\/section>\n\t\t\t\t<\/div>\n\t\t","protected":false},"excerpt":{"rendered":"<p>Noored Kooli seisab haridusliku ebav\u00f5rdsuse v\u00e4hendamise eest Eestis. Organisatsioon toob \u00fcldhariduskoolidesse t\u00f6\u00f6le v\u00f5imekaid ja motiveeritud inimesi erinevatelt elualadelt ning toetab nende arengut \u00f5petajate ja hariduse eestvedajatena. Noored Kooli paneb r\u00f5hku \u00f5pi- ja sotsiaalemotsionaalsete p\u00e4devuste arendamisele klassiruumis, selleks, et iga laps Eestis saaks v\u00e4ga hea hariduse, s\u00f5ltumata tema elukohast v\u00f5i sotsiaalmajanduslikust taustast.\u00a0 Aitan Eestit MT\u00dc on&hellip;<\/p>\n","protected":false},"author":4,"featured_media":0,"parent":0,"menu_order":0,"comment_status":"closed","ping_status":"closed","template":"elementor_header_footer","meta":{"give_campaign_id":0,"footnotes":""},"class_list":["post-10451","page","type-page","status-publish","hentry"],"yoast_head":"<!-- This site is optimized with the Yoast SEO plugin v27.3 - https:\/\/yoast.com\/product\/yoast-seo-wordpress\/ -->\n<title>partner - Noored Kooli - aitaneestit.ee<\/title>\n<meta name=\"robots\" content=\"index, follow, max-snippet:-1, max-image-preview:large, max-video-preview:-1\" \/>\n<link rel=\"canonical\" href=\"https:\/\/aitaneestit.ee\/ru\/partner-noored-kooli\/\" \/>\n<meta property=\"og:locale\" content=\"ru_RU\" \/>\n<meta property=\"og:type\" content=\"article\" \/>\n<meta property=\"og:title\" content=\"partner - Noored Kooli - aitaneestit.ee\" \/>\n<meta property=\"og:description\" content=\"Noored Kooli seisab haridusliku ebav\u00f5rdsuse v\u00e4hendamise eest Eestis. Organisatsioon toob \u00fcldhariduskoolidesse t\u00f6\u00f6le v\u00f5imekaid ja motiveeritud inimesi erinevatelt elualadelt ning toetab nende arengut \u00f5petajate ja hariduse eestvedajatena. Noored Kooli paneb r\u00f5hku \u00f5pi- ja sotsiaalemotsionaalsete p\u00e4devuste arendamisele klassiruumis, selleks, et iga laps Eestis saaks v\u00e4ga hea hariduse, s\u00f5ltumata tema elukohast v\u00f5i sotsiaalmajanduslikust taustast.\u00a0 Aitan Eestit MT\u00dc on&hellip;\" \/>\n<meta property=\"og:url\" content=\"https:\/\/aitaneestit.ee\/ru\/partner-noored-kooli\/\" \/>\n<meta property=\"og:site_name\" content=\"aitaneestit.ee\" \/>\n<meta property=\"article:modified_time\" content=\"2026-04-17T13:16:25+00:00\" \/>\n<meta property=\"og:image\" content=\"https:\/\/aitaneestit.ee\/wp-content\/uploads\/2026\/01\/NooredKooli_logo-withtagline-01.png\" \/>\n\t<meta property=\"og:image:width\" content=\"1382\" \/>\n\t<meta property=\"og:image:height\" content=\"681\" \/>\n\t<meta property=\"og:image:type\" content=\"image\/png\" \/>\n<meta name=\"twitter:card\" content=\"summary_large_image\" \/>\n<script type=\"application\/ld+json\" class=\"yoast-schema-graph\">{\"@context\":\"https:\\\/\\\/schema.org\",\"@graph\":[{\"@type\":\"WebPage\",\"@id\":\"https:\\\/\\\/aitaneestit.ee\\\/ru\\\/partner-noored-kooli\\\/\",\"url\":\"https:\\\/\\\/aitaneestit.ee\\\/ru\\\/partner-noored-kooli\\\/\",\"name\":\"partner - Noored Kooli - aitaneestit.ee\",\"isPartOf\":{\"@id\":\"https:\\\/\\\/aitaneestit.ee\\\/ru\\\/#website\"},\"primaryImageOfPage\":{\"@id\":\"https:\\\/\\\/aitaneestit.ee\\\/ru\\\/partner-noored-kooli\\\/#primaryimage\"},\"image\":{\"@id\":\"https:\\\/\\\/aitaneestit.ee\\\/ru\\\/partner-noored-kooli\\\/#primaryimage\"},\"thumbnailUrl\":\"https:\\\/\\\/aitaneestit.ee\\\/wp-content\\\/uploads\\\/2026\\\/01\\\/NooredKooli_logo-withtagline-01-1024x505.png\",\"datePublished\":\"2026-01-09T11:16:49+00:00\",\"dateModified\":\"2026-04-17T13:16:25+00:00\",\"breadcrumb\":{\"@id\":\"https:\\\/\\\/aitaneestit.ee\\\/ru\\\/partner-noored-kooli\\\/#breadcrumb\"},\"inLanguage\":\"ru-RU\",\"potentialAction\":[{\"@type\":\"ReadAction\",\"target\":[\"https:\\\/\\\/aitaneestit.ee\\\/ru\\\/partner-noored-kooli\\\/\"]}]},{\"@type\":\"ImageObject\",\"inLanguage\":\"ru-RU\",\"@id\":\"https:\\\/\\\/aitaneestit.ee\\\/ru\\\/partner-noored-kooli\\\/#primaryimage\",\"url\":\"https:\\\/\\\/aitaneestit.ee\\\/wp-content\\\/uploads\\\/2026\\\/01\\\/NooredKooli_logo-withtagline-01-1024x505.png\",\"contentUrl\":\"https:\\\/\\\/aitaneestit.ee\\\/wp-content\\\/uploads\\\/2026\\\/01\\\/NooredKooli_logo-withtagline-01-1024x505.png\"},{\"@type\":\"BreadcrumbList\",\"@id\":\"https:\\\/\\\/aitaneestit.ee\\\/ru\\\/partner-noored-kooli\\\/#breadcrumb\",\"itemListElement\":[{\"@type\":\"ListItem\",\"position\":1,\"name\":\"Home\",\"item\":\"https:\\\/\\\/aitaneestit.ee\\\/ru\\\/\"},{\"@type\":\"ListItem\",\"position\":2,\"name\":\"partner &#8211; Noored Kooli\"}]},{\"@type\":\"WebSite\",\"@id\":\"https:\\\/\\\/aitaneestit.ee\\\/ru\\\/#website\",\"url\":\"https:\\\/\\\/aitaneestit.ee\\\/ru\\\/\",\"name\":\"aitaneestit.ee\",\"description\":\"\",\"publisher\":{\"@id\":\"https:\\\/\\\/aitaneestit.ee\\\/ru\\\/#organization\"},\"potentialAction\":[{\"@type\":\"SearchAction\",\"target\":{\"@type\":\"EntryPoint\",\"urlTemplate\":\"https:\\\/\\\/aitaneestit.ee\\\/ru\\\/?s={search_term_string}\"},\"query-input\":{\"@type\":\"PropertyValueSpecification\",\"valueRequired\":true,\"valueName\":\"search_term_string\"}}],\"inLanguage\":\"ru-RU\"},{\"@type\":\"Organization\",\"@id\":\"https:\\\/\\\/aitaneestit.ee\\\/ru\\\/#organization\",\"name\":\"aitaneestit.ee\",\"url\":\"https:\\\/\\\/aitaneestit.ee\\\/ru\\\/\",\"logo\":{\"@type\":\"ImageObject\",\"inLanguage\":\"ru-RU\",\"@id\":\"https:\\\/\\\/aitaneestit.ee\\\/ru\\\/#\\\/schema\\\/logo\\\/image\\\/\",\"url\":\"https:\\\/\\\/aitaneestit.ee\\\/wp-content\\\/uploads\\\/2020\\\/05\\\/Aitan_Eestit_logo_v\u00e4rviline.png\",\"contentUrl\":\"https:\\\/\\\/aitaneestit.ee\\\/wp-content\\\/uploads\\\/2020\\\/05\\\/Aitan_Eestit_logo_v\u00e4rviline.png\",\"width\":116,\"height\":57,\"caption\":\"aitaneestit.ee\"},\"image\":{\"@id\":\"https:\\\/\\\/aitaneestit.ee\\\/ru\\\/#\\\/schema\\\/logo\\\/image\\\/\"}}]}<\/script>\n<!-- \/ Yoast SEO plugin. -->","yoast_head_json":{"title":"partner - Noored Kooli - aitaneestit.ee","robots":{"index":"index","follow":"follow","max-snippet":"max-snippet:-1","max-image-preview":"max-image-preview:large","max-video-preview":"max-video-preview:-1"},"canonical":"https:\/\/aitaneestit.ee\/ru\/partner-noored-kooli\/","og_locale":"ru_RU","og_type":"article","og_title":"partner - Noored Kooli - aitaneestit.ee","og_description":"Noored Kooli seisab haridusliku ebav\u00f5rdsuse v\u00e4hendamise eest Eestis. Organisatsioon toob \u00fcldhariduskoolidesse t\u00f6\u00f6le v\u00f5imekaid ja motiveeritud inimesi erinevatelt elualadelt ning toetab nende arengut \u00f5petajate ja hariduse eestvedajatena. Noored Kooli paneb r\u00f5hku \u00f5pi- ja sotsiaalemotsionaalsete p\u00e4devuste arendamisele klassiruumis, selleks, et iga laps Eestis saaks v\u00e4ga hea hariduse, s\u00f5ltumata tema elukohast v\u00f5i sotsiaalmajanduslikust taustast.\u00a0 Aitan Eestit MT\u00dc on&hellip;","og_url":"https:\/\/aitaneestit.ee\/ru\/partner-noored-kooli\/","og_site_name":"aitaneestit.ee","article_modified_time":"2026-04-17T13:16:25+00:00","og_image":[{"width":1382,"height":681,"url":"https:\/\/aitaneestit.ee\/wp-content\/uploads\/2026\/01\/NooredKooli_logo-withtagline-01.png","type":"image\/png"}],"twitter_card":"summary_large_image","schema":{"@context":"https:\/\/schema.org","@graph":[{"@type":"WebPage","@id":"https:\/\/aitaneestit.ee\/ru\/partner-noored-kooli\/","url":"https:\/\/aitaneestit.ee\/ru\/partner-noored-kooli\/","name":"partner - Noored Kooli - aitaneestit.ee","isPartOf":{"@id":"https:\/\/aitaneestit.ee\/ru\/#website"},"primaryImageOfPage":{"@id":"https:\/\/aitaneestit.ee\/ru\/partner-noored-kooli\/#primaryimage"},"image":{"@id":"https:\/\/aitaneestit.ee\/ru\/partner-noored-kooli\/#primaryimage"},"thumbnailUrl":"https:\/\/aitaneestit.ee\/wp-content\/uploads\/2026\/01\/NooredKooli_logo-withtagline-01-1024x505.png","datePublished":"2026-01-09T11:16:49+00:00","dateModified":"2026-04-17T13:16:25+00:00","breadcrumb":{"@id":"https:\/\/aitaneestit.ee\/ru\/partner-noored-kooli\/#breadcrumb"},"inLanguage":"ru-RU","potentialAction":[{"@type":"ReadAction","target":["https:\/\/aitaneestit.ee\/ru\/partner-noored-kooli\/"]}]},{"@type":"ImageObject","inLanguage":"ru-RU","@id":"https:\/\/aitaneestit.ee\/ru\/partner-noored-kooli\/#primaryimage","url":"https:\/\/aitaneestit.ee\/wp-content\/uploads\/2026\/01\/NooredKooli_logo-withtagline-01-1024x505.png","contentUrl":"https:\/\/aitaneestit.ee\/wp-content\/uploads\/2026\/01\/NooredKooli_logo-withtagline-01-1024x505.png"},{"@type":"BreadcrumbList","@id":"https:\/\/aitaneestit.ee\/ru\/partner-noored-kooli\/#breadcrumb","itemListElement":[{"@type":"ListItem","position":1,"name":"Home","item":"https:\/\/aitaneestit.ee\/ru\/"},{"@type":"ListItem","position":2,"name":"partner &#8211; Noored Kooli"}]},{"@type":"WebSite","@id":"https:\/\/aitaneestit.ee\/ru\/#website","url":"https:\/\/aitaneestit.ee\/ru\/","name":"aitaneestit.ee","description":"","publisher":{"@id":"https:\/\/aitaneestit.ee\/ru\/#organization"},"potentialAction":[{"@type":"SearchAction","target":{"@type":"EntryPoint","urlTemplate":"https:\/\/aitaneestit.ee\/ru\/?s={search_term_string}"},"query-input":{"@type":"PropertyValueSpecification","valueRequired":true,"valueName":"search_term_string"}}],"inLanguage":"ru-RU"},{"@type":"Organization","@id":"https:\/\/aitaneestit.ee\/ru\/#organization","name":"aitaneestit.ee","url":"https:\/\/aitaneestit.ee\/ru\/","logo":{"@type":"ImageObject","inLanguage":"ru-RU","@id":"https:\/\/aitaneestit.ee\/ru\/#\/schema\/logo\/image\/","url":"https:\/\/aitaneestit.ee\/wp-content\/uploads\/2020\/05\/Aitan_Eestit_logo_v\u00e4rviline.png","contentUrl":"https:\/\/aitaneestit.ee\/wp-content\/uploads\/2020\/05\/Aitan_Eestit_logo_v\u00e4rviline.png","width":116,"height":57,"caption":"aitaneestit.ee"},"image":{"@id":"https:\/\/aitaneestit.ee\/ru\/#\/schema\/logo\/image\/"}}]}},"campaignId":"","_links":{"self":[{"href":"https:\/\/aitaneestit.ee\/ru\/wp-json\/wp\/v2\/pages\/10451","targetHints":{"allow":["GET"]}}],"collection":[{"href":"https:\/\/aitaneestit.ee\/ru\/wp-json\/wp\/v2\/pages"}],"about":[{"href":"https:\/\/aitaneestit.ee\/ru\/wp-json\/wp\/v2\/types\/page"}],"author":[{"embeddable":true,"href":"https:\/\/aitaneestit.ee\/ru\/wp-json\/wp\/v2\/users\/4"}],"replies":[{"embeddable":true,"href":"https:\/\/aitaneestit.ee\/ru\/wp-json\/wp\/v2\/comments?post=10451"}],"version-history":[{"count":6,"href":"https:\/\/aitaneestit.ee\/ru\/wp-json\/wp\/v2\/pages\/10451\/revisions"}],"predecessor-version":[{"id":11594,"href":"https:\/\/aitaneestit.ee\/ru\/wp-json\/wp\/v2\/pages\/10451\/revisions\/11594"}],"wp:attachment":[{"href":"https:\/\/aitaneestit.ee\/ru\/wp-json\/wp\/v2\/media?parent=10451"}],"curies":[{"name":"wp","href":"https:\/\/api.w.org\/{rel}","templated":true}]}}