{"id":10446,"date":"2026-01-09T11:18:58","date_gmt":"2026-01-09T11:18:58","guid":{"rendered":"https:\/\/aitaneestit.ee\/partner-eesti-viipekeele-selts\/"},"modified":"2026-04-17T13:17:18","modified_gmt":"2026-04-17T13:17:18","slug":"partner-eesti-viipekeele-selts","status":"publish","type":"page","link":"https:\/\/aitaneestit.ee\/ru\/partner-eesti-viipekeele-selts\/","title":{"rendered":"partner &#8211; Eesti Viipekeele Selts"},"content":{"rendered":"\t\t<div data-elementor-type=\"wp-page\" data-elementor-id=\"10446\" class=\"elementor elementor-10446 elementor-10436\" data-elementor-post-type=\"page\">\n\t\t\t\t\t\t<section class=\"elementor-section elementor-top-section elementor-element elementor-element-2208599 elementor-section-boxed elementor-section-height-default elementor-section-height-default\" data-id=\"2208599\" data-element_type=\"section\" data-e-type=\"section\">\n\t\t\t\t\t\t<div class=\"elementor-container elementor-column-gap-default\">\n\t\t\t\t\t<div class=\"elementor-column elementor-col-50 elementor-top-column elementor-element elementor-element-574408f\" data-id=\"574408f\" data-element_type=\"column\" data-e-type=\"column\">\n\t\t\t<div class=\"elementor-widget-wrap elementor-element-populated\">\n\t\t\t\t\t\t<div class=\"elementor-element elementor-element-51d43e9 elementor-widget elementor-widget-text-editor\" data-id=\"51d43e9\" data-element_type=\"widget\" data-e-type=\"widget\" data-widget_type=\"text-editor.default\">\n\t\t\t\t<div class=\"elementor-widget-container\">\n\t\t\t\t\t\t\t\t\t<p style=\"text-align: left;\">Eesti Viipekeele Selts asutati 29. novembril 2020. aastal. Seltsi eesm\u00e4rgiks on populariseerida eesti viipekeelt ja panustada eesti viipekeele arengusse ning pakkuda tuge viipekeelsele kogukonnale.\u00a0<\/p><p style=\"text-align: left;\">Meie toetame Eesti Viipekeele Seltsi tegemisi, et viipekeelsed inimesed Eestis ei j\u00e4\u00e4ks infosulgu. Aitame nendeni viia olulist infot enda f\u00fc\u00fcsilise ja vaimse tervise hoidmise osas. 2026.a. teises pooles avalikustatakse viipekeelsed videod olulisemast infost liigume.ee ja peaasi.ee lehtedel.\u00a0<\/p>\t\t\t\t\t\t\t\t<\/div>\n\t\t\t\t<\/div>\n\t\t\t\t\t<\/div>\n\t\t<\/div>\n\t\t\t\t<div class=\"elementor-column elementor-col-50 elementor-top-column elementor-element elementor-element-c88de97\" data-id=\"c88de97\" data-element_type=\"column\" data-e-type=\"column\">\n\t\t\t<div class=\"elementor-widget-wrap elementor-element-populated\">\n\t\t\t\t\t\t<div class=\"elementor-element elementor-element-dfc03ce elementor-widget elementor-widget-image\" data-id=\"dfc03ce\" data-element_type=\"widget\" data-e-type=\"widget\" data-widget_type=\"image.default\">\n\t\t\t\t<div class=\"elementor-widget-container\">\n\t\t\t\t\t\t\t\t\t\t\t\t\t\t\t<img fetchpriority=\"high\" decoding=\"async\" width=\"1024\" height=\"724\" src=\"https:\/\/aitaneestit.ee\/wp-content\/uploads\/2026\/01\/EestiViipekeeleSelts-logo_2-1024x724.png\" class=\"attachment-large size-large wp-image-10440\" alt=\"\" srcset=\"https:\/\/aitaneestit.ee\/wp-content\/uploads\/2026\/01\/EestiViipekeeleSelts-logo_2-1024x724.png 1024w, https:\/\/aitaneestit.ee\/wp-content\/uploads\/2026\/01\/EestiViipekeeleSelts-logo_2-300x212.png 300w, https:\/\/aitaneestit.ee\/wp-content\/uploads\/2026\/01\/EestiViipekeeleSelts-logo_2-768x543.png 768w, https:\/\/aitaneestit.ee\/wp-content\/uploads\/2026\/01\/EestiViipekeeleSelts-logo_2-1536x1086.png 1536w, https:\/\/aitaneestit.ee\/wp-content\/uploads\/2026\/01\/EestiViipekeeleSelts-logo_2-2048x1449.png 2048w, https:\/\/aitaneestit.ee\/wp-content\/uploads\/2026\/01\/EestiViipekeeleSelts-logo_2-600x424.png 600w\" sizes=\"(max-width: 1024px) 100vw, 1024px\" \/>\t\t\t\t\t\t\t\t\t\t\t\t\t\t\t<\/div>\n\t\t\t\t<\/div>\n\t\t\t\t\t<\/div>\n\t\t<\/div>\n\t\t\t\t\t<\/div>\n\t\t<\/section>\n\t\t\t\t<\/div>\n\t\t","protected":false},"excerpt":{"rendered":"<p>Eesti Viipekeele Selts asutati 29. novembril 2020. aastal. Seltsi eesm\u00e4rgiks on populariseerida eesti viipekeelt ja panustada eesti viipekeele arengusse ning pakkuda tuge viipekeelsele kogukonnale.\u00a0 Meie toetame Eesti Viipekeele Seltsi tegemisi, et viipekeelsed inimesed Eestis ei j\u00e4\u00e4ks infosulgu. Aitame nendeni viia olulist infot enda f\u00fc\u00fcsilise ja vaimse tervise hoidmise osas. 2026.a. teises pooles avalikustatakse viipekeelsed videod&hellip;<\/p>\n","protected":false},"author":4,"featured_media":0,"parent":0,"menu_order":0,"comment_status":"closed","ping_status":"closed","template":"elementor_header_footer","meta":{"give_campaign_id":0,"footnotes":""},"class_list":["post-10446","page","type-page","status-publish","hentry"],"yoast_head":"<!-- This site is optimized with the Yoast SEO plugin v27.3 - https:\/\/yoast.com\/product\/yoast-seo-wordpress\/ -->\n<title>partner - Eesti Viipekeele Selts - aitaneestit.ee<\/title>\n<meta name=\"robots\" content=\"index, follow, max-snippet:-1, max-image-preview:large, max-video-preview:-1\" \/>\n<link rel=\"canonical\" href=\"https:\/\/aitaneestit.ee\/ru\/partner-eesti-viipekeele-selts\/\" \/>\n<meta property=\"og:locale\" content=\"ru_RU\" \/>\n<meta property=\"og:type\" content=\"article\" \/>\n<meta property=\"og:title\" content=\"partner - Eesti Viipekeele Selts - aitaneestit.ee\" \/>\n<meta property=\"og:description\" content=\"Eesti Viipekeele Selts asutati 29. novembril 2020. aastal. Seltsi eesm\u00e4rgiks on populariseerida eesti viipekeelt ja panustada eesti viipekeele arengusse ning pakkuda tuge viipekeelsele kogukonnale.\u00a0 Meie toetame Eesti Viipekeele Seltsi tegemisi, et viipekeelsed inimesed Eestis ei j\u00e4\u00e4ks infosulgu. Aitame nendeni viia olulist infot enda f\u00fc\u00fcsilise ja vaimse tervise hoidmise osas. 2026.a. teises pooles avalikustatakse viipekeelsed videod&hellip;\" \/>\n<meta property=\"og:url\" content=\"https:\/\/aitaneestit.ee\/ru\/partner-eesti-viipekeele-selts\/\" \/>\n<meta property=\"og:site_name\" content=\"aitaneestit.ee\" \/>\n<meta property=\"article:modified_time\" content=\"2026-04-17T13:17:18+00:00\" \/>\n<meta property=\"og:image\" content=\"https:\/\/aitaneestit.ee\/wp-content\/uploads\/2026\/01\/EestiViipekeeleSelts-logo_2-scaled.png\" \/>\n\t<meta property=\"og:image:width\" content=\"2560\" \/>\n\t<meta property=\"og:image:height\" content=\"1811\" \/>\n\t<meta property=\"og:image:type\" content=\"image\/png\" \/>\n<meta name=\"twitter:card\" content=\"summary_large_image\" \/>\n<script type=\"application\/ld+json\" class=\"yoast-schema-graph\">{\"@context\":\"https:\\\/\\\/schema.org\",\"@graph\":[{\"@type\":\"WebPage\",\"@id\":\"https:\\\/\\\/aitaneestit.ee\\\/ru\\\/partner-eesti-viipekeele-selts\\\/\",\"url\":\"https:\\\/\\\/aitaneestit.ee\\\/ru\\\/partner-eesti-viipekeele-selts\\\/\",\"name\":\"partner - Eesti Viipekeele Selts - aitaneestit.ee\",\"isPartOf\":{\"@id\":\"https:\\\/\\\/aitaneestit.ee\\\/ru\\\/#website\"},\"primaryImageOfPage\":{\"@id\":\"https:\\\/\\\/aitaneestit.ee\\\/ru\\\/partner-eesti-viipekeele-selts\\\/#primaryimage\"},\"image\":{\"@id\":\"https:\\\/\\\/aitaneestit.ee\\\/ru\\\/partner-eesti-viipekeele-selts\\\/#primaryimage\"},\"thumbnailUrl\":\"https:\\\/\\\/aitaneestit.ee\\\/wp-content\\\/uploads\\\/2026\\\/01\\\/EestiViipekeeleSelts-logo_2-1024x724.png\",\"datePublished\":\"2026-01-09T11:18:58+00:00\",\"dateModified\":\"2026-04-17T13:17:18+00:00\",\"breadcrumb\":{\"@id\":\"https:\\\/\\\/aitaneestit.ee\\\/ru\\\/partner-eesti-viipekeele-selts\\\/#breadcrumb\"},\"inLanguage\":\"ru-RU\",\"potentialAction\":[{\"@type\":\"ReadAction\",\"target\":[\"https:\\\/\\\/aitaneestit.ee\\\/ru\\\/partner-eesti-viipekeele-selts\\\/\"]}]},{\"@type\":\"ImageObject\",\"inLanguage\":\"ru-RU\",\"@id\":\"https:\\\/\\\/aitaneestit.ee\\\/ru\\\/partner-eesti-viipekeele-selts\\\/#primaryimage\",\"url\":\"https:\\\/\\\/aitaneestit.ee\\\/wp-content\\\/uploads\\\/2026\\\/01\\\/EestiViipekeeleSelts-logo_2-1024x724.png\",\"contentUrl\":\"https:\\\/\\\/aitaneestit.ee\\\/wp-content\\\/uploads\\\/2026\\\/01\\\/EestiViipekeeleSelts-logo_2-1024x724.png\"},{\"@type\":\"BreadcrumbList\",\"@id\":\"https:\\\/\\\/aitaneestit.ee\\\/ru\\\/partner-eesti-viipekeele-selts\\\/#breadcrumb\",\"itemListElement\":[{\"@type\":\"ListItem\",\"position\":1,\"name\":\"Home\",\"item\":\"https:\\\/\\\/aitaneestit.ee\\\/ru\\\/\"},{\"@type\":\"ListItem\",\"position\":2,\"name\":\"partner &#8211; Eesti Viipekeele Selts\"}]},{\"@type\":\"WebSite\",\"@id\":\"https:\\\/\\\/aitaneestit.ee\\\/ru\\\/#website\",\"url\":\"https:\\\/\\\/aitaneestit.ee\\\/ru\\\/\",\"name\":\"aitaneestit.ee\",\"description\":\"\",\"publisher\":{\"@id\":\"https:\\\/\\\/aitaneestit.ee\\\/ru\\\/#organization\"},\"potentialAction\":[{\"@type\":\"SearchAction\",\"target\":{\"@type\":\"EntryPoint\",\"urlTemplate\":\"https:\\\/\\\/aitaneestit.ee\\\/ru\\\/?s={search_term_string}\"},\"query-input\":{\"@type\":\"PropertyValueSpecification\",\"valueRequired\":true,\"valueName\":\"search_term_string\"}}],\"inLanguage\":\"ru-RU\"},{\"@type\":\"Organization\",\"@id\":\"https:\\\/\\\/aitaneestit.ee\\\/ru\\\/#organization\",\"name\":\"aitaneestit.ee\",\"url\":\"https:\\\/\\\/aitaneestit.ee\\\/ru\\\/\",\"logo\":{\"@type\":\"ImageObject\",\"inLanguage\":\"ru-RU\",\"@id\":\"https:\\\/\\\/aitaneestit.ee\\\/ru\\\/#\\\/schema\\\/logo\\\/image\\\/\",\"url\":\"https:\\\/\\\/aitaneestit.ee\\\/wp-content\\\/uploads\\\/2020\\\/05\\\/Aitan_Eestit_logo_v\u00e4rviline.png\",\"contentUrl\":\"https:\\\/\\\/aitaneestit.ee\\\/wp-content\\\/uploads\\\/2020\\\/05\\\/Aitan_Eestit_logo_v\u00e4rviline.png\",\"width\":116,\"height\":57,\"caption\":\"aitaneestit.ee\"},\"image\":{\"@id\":\"https:\\\/\\\/aitaneestit.ee\\\/ru\\\/#\\\/schema\\\/logo\\\/image\\\/\"}}]}<\/script>\n<!-- \/ Yoast SEO plugin. -->","yoast_head_json":{"title":"partner - Eesti Viipekeele Selts - aitaneestit.ee","robots":{"index":"index","follow":"follow","max-snippet":"max-snippet:-1","max-image-preview":"max-image-preview:large","max-video-preview":"max-video-preview:-1"},"canonical":"https:\/\/aitaneestit.ee\/ru\/partner-eesti-viipekeele-selts\/","og_locale":"ru_RU","og_type":"article","og_title":"partner - Eesti Viipekeele Selts - aitaneestit.ee","og_description":"Eesti Viipekeele Selts asutati 29. novembril 2020. aastal. Seltsi eesm\u00e4rgiks on populariseerida eesti viipekeelt ja panustada eesti viipekeele arengusse ning pakkuda tuge viipekeelsele kogukonnale.\u00a0 Meie toetame Eesti Viipekeele Seltsi tegemisi, et viipekeelsed inimesed Eestis ei j\u00e4\u00e4ks infosulgu. Aitame nendeni viia olulist infot enda f\u00fc\u00fcsilise ja vaimse tervise hoidmise osas. 2026.a. teises pooles avalikustatakse viipekeelsed videod&hellip;","og_url":"https:\/\/aitaneestit.ee\/ru\/partner-eesti-viipekeele-selts\/","og_site_name":"aitaneestit.ee","article_modified_time":"2026-04-17T13:17:18+00:00","og_image":[{"width":2560,"height":1811,"url":"https:\/\/aitaneestit.ee\/wp-content\/uploads\/2026\/01\/EestiViipekeeleSelts-logo_2-scaled.png","type":"image\/png"}],"twitter_card":"summary_large_image","schema":{"@context":"https:\/\/schema.org","@graph":[{"@type":"WebPage","@id":"https:\/\/aitaneestit.ee\/ru\/partner-eesti-viipekeele-selts\/","url":"https:\/\/aitaneestit.ee\/ru\/partner-eesti-viipekeele-selts\/","name":"partner - Eesti Viipekeele Selts - aitaneestit.ee","isPartOf":{"@id":"https:\/\/aitaneestit.ee\/ru\/#website"},"primaryImageOfPage":{"@id":"https:\/\/aitaneestit.ee\/ru\/partner-eesti-viipekeele-selts\/#primaryimage"},"image":{"@id":"https:\/\/aitaneestit.ee\/ru\/partner-eesti-viipekeele-selts\/#primaryimage"},"thumbnailUrl":"https:\/\/aitaneestit.ee\/wp-content\/uploads\/2026\/01\/EestiViipekeeleSelts-logo_2-1024x724.png","datePublished":"2026-01-09T11:18:58+00:00","dateModified":"2026-04-17T13:17:18+00:00","breadcrumb":{"@id":"https:\/\/aitaneestit.ee\/ru\/partner-eesti-viipekeele-selts\/#breadcrumb"},"inLanguage":"ru-RU","potentialAction":[{"@type":"ReadAction","target":["https:\/\/aitaneestit.ee\/ru\/partner-eesti-viipekeele-selts\/"]}]},{"@type":"ImageObject","inLanguage":"ru-RU","@id":"https:\/\/aitaneestit.ee\/ru\/partner-eesti-viipekeele-selts\/#primaryimage","url":"https:\/\/aitaneestit.ee\/wp-content\/uploads\/2026\/01\/EestiViipekeeleSelts-logo_2-1024x724.png","contentUrl":"https:\/\/aitaneestit.ee\/wp-content\/uploads\/2026\/01\/EestiViipekeeleSelts-logo_2-1024x724.png"},{"@type":"BreadcrumbList","@id":"https:\/\/aitaneestit.ee\/ru\/partner-eesti-viipekeele-selts\/#breadcrumb","itemListElement":[{"@type":"ListItem","position":1,"name":"Home","item":"https:\/\/aitaneestit.ee\/ru\/"},{"@type":"ListItem","position":2,"name":"partner &#8211; Eesti Viipekeele Selts"}]},{"@type":"WebSite","@id":"https:\/\/aitaneestit.ee\/ru\/#website","url":"https:\/\/aitaneestit.ee\/ru\/","name":"aitaneestit.ee","description":"","publisher":{"@id":"https:\/\/aitaneestit.ee\/ru\/#organization"},"potentialAction":[{"@type":"SearchAction","target":{"@type":"EntryPoint","urlTemplate":"https:\/\/aitaneestit.ee\/ru\/?s={search_term_string}"},"query-input":{"@type":"PropertyValueSpecification","valueRequired":true,"valueName":"search_term_string"}}],"inLanguage":"ru-RU"},{"@type":"Organization","@id":"https:\/\/aitaneestit.ee\/ru\/#organization","name":"aitaneestit.ee","url":"https:\/\/aitaneestit.ee\/ru\/","logo":{"@type":"ImageObject","inLanguage":"ru-RU","@id":"https:\/\/aitaneestit.ee\/ru\/#\/schema\/logo\/image\/","url":"https:\/\/aitaneestit.ee\/wp-content\/uploads\/2020\/05\/Aitan_Eestit_logo_v\u00e4rviline.png","contentUrl":"https:\/\/aitaneestit.ee\/wp-content\/uploads\/2020\/05\/Aitan_Eestit_logo_v\u00e4rviline.png","width":116,"height":57,"caption":"aitaneestit.ee"},"image":{"@id":"https:\/\/aitaneestit.ee\/ru\/#\/schema\/logo\/image\/"}}]}},"campaignId":"","_links":{"self":[{"href":"https:\/\/aitaneestit.ee\/ru\/wp-json\/wp\/v2\/pages\/10446","targetHints":{"allow":["GET"]}}],"collection":[{"href":"https:\/\/aitaneestit.ee\/ru\/wp-json\/wp\/v2\/pages"}],"about":[{"href":"https:\/\/aitaneestit.ee\/ru\/wp-json\/wp\/v2\/types\/page"}],"author":[{"embeddable":true,"href":"https:\/\/aitaneestit.ee\/ru\/wp-json\/wp\/v2\/users\/4"}],"replies":[{"embeddable":true,"href":"https:\/\/aitaneestit.ee\/ru\/wp-json\/wp\/v2\/comments?post=10446"}],"version-history":[{"count":12,"href":"https:\/\/aitaneestit.ee\/ru\/wp-json\/wp\/v2\/pages\/10446\/revisions"}],"predecessor-version":[{"id":11603,"href":"https:\/\/aitaneestit.ee\/ru\/wp-json\/wp\/v2\/pages\/10446\/revisions\/11603"}],"wp:attachment":[{"href":"https:\/\/aitaneestit.ee\/ru\/wp-json\/wp\/v2\/media?parent=10446"}],"curies":[{"name":"wp","href":"https:\/\/api.w.org\/{rel}","templated":true}]}}