{"id":2496,"date":"2020-05-13T15:30:33","date_gmt":"2020-05-13T15:30:33","guid":{"rendered":"https:\/\/aitaneestit.ee\/sunnitusmajadetoetusfond\/"},"modified":"2020-05-26T20:18:06","modified_gmt":"2020-05-26T20:18:06","slug":"sunnitusmajadetoetusfond","status":"publish","type":"page","link":"https:\/\/aitaneestit.ee\/en\/sunnitusmajadetoetusfond\/","title":{"rendered":"partner &#8211; s\u00fcnnitusmajade toetusfond (EN)"},"content":{"rendered":"\t\t<div data-elementor-type=\"wp-page\" data-elementor-id=\"2496\" class=\"elementor elementor-2496 elementor-2312\" data-elementor-post-type=\"page\">\n\t\t\t\t\t\t<section class=\"elementor-section elementor-top-section elementor-element elementor-element-60ccef7b elementor-section-boxed elementor-section-height-default elementor-section-height-default\" data-id=\"60ccef7b\" data-element_type=\"section\" data-e-type=\"section\" data-settings=\"{&quot;background_background&quot;:&quot;classic&quot;,&quot;shape_divider_bottom&quot;:&quot;mountains&quot;}\">\n\t\t\t\t\t<div class=\"elementor-shape elementor-shape-bottom\" aria-hidden=\"true\" data-negative=\"false\">\n\t\t\t<svg xmlns=\"http:\/\/www.w3.org\/2000\/svg\" viewBox=\"0 0 1000 100\" preserveAspectRatio=\"none\">\n\t<path class=\"elementor-shape-fill\" opacity=\"0.33\" d=\"M473,67.3c-203.9,88.3-263.1-34-320.3,0C66,119.1,0,59.7,0,59.7V0h1000v59.7 c0,0-62.1,26.1-94.9,29.3c-32.8,3.3-62.8-12.3-75.8-22.1C806,49.6,745.3,8.7,694.9,4.7S492.4,59,473,67.3z\"\/>\n\t<path class=\"elementor-shape-fill\" opacity=\"0.66\" d=\"M734,67.3c-45.5,0-77.2-23.2-129.1-39.1c-28.6-8.7-150.3-10.1-254,39.1 s-91.7-34.4-149.2,0C115.7,118.3,0,39.8,0,39.8V0h1000v36.5c0,0-28.2-18.5-92.1-18.5C810.2,18.1,775.7,67.3,734,67.3z\"\/>\n\t<path class=\"elementor-shape-fill\" d=\"M766.1,28.9c-200-57.5-266,65.5-395.1,19.5C242,1.8,242,5.4,184.8,20.6C128,35.8,132.3,44.9,89.9,52.5C28.6,63.7,0,0,0,0 h1000c0,0-9.9,40.9-83.6,48.1S829.6,47,766.1,28.9z\"\/>\n<\/svg>\t\t<\/div>\n\t\t\t\t\t<div class=\"elementor-container elementor-column-gap-wider\">\n\t\t\t\t\t<div class=\"elementor-column elementor-col-100 elementor-top-column elementor-element elementor-element-c8c9b45\" data-id=\"c8c9b45\" data-element_type=\"column\" data-e-type=\"column\">\n\t\t\t<div class=\"elementor-widget-wrap elementor-element-populated\">\n\t\t\t\t\t\t<div class=\"elementor-element elementor-element-1b38ef10 elementor-widget elementor-widget-heading\" data-id=\"1b38ef10\" data-element_type=\"widget\" data-e-type=\"widget\" data-widget_type=\"heading.default\">\n\t\t\t\t<div class=\"elementor-widget-container\">\n\t\t\t\t\t<h2 class=\"elementor-heading-title elementor-size-default\">Eestimaa S\u00fcnnitusmajade Toetusfond<\/h2>\t\t\t\t<\/div>\n\t\t\t\t<\/div>\n\t\t\t\t\t<\/div>\n\t\t<\/div>\n\t\t\t\t\t<\/div>\n\t\t<\/section>\n\t\t\t\t<section class=\"elementor-section elementor-top-section elementor-element elementor-element-9e4373e elementor-section-content-middle elementor-section-boxed elementor-section-height-default elementor-section-height-default\" data-id=\"9e4373e\" data-element_type=\"section\" data-e-type=\"section\" data-settings=\"{&quot;background_background&quot;:&quot;classic&quot;}\">\n\t\t\t\t\t\t<div class=\"elementor-container elementor-column-gap-wider\">\n\t\t\t\t\t<div class=\"elementor-column elementor-col-50 elementor-top-column elementor-element elementor-element-835099b\" data-id=\"835099b\" data-element_type=\"column\" data-e-type=\"column\">\n\t\t\t<div class=\"elementor-widget-wrap elementor-element-populated\">\n\t\t\t\t\t\t<div class=\"elementor-element elementor-element-4bb98c3 elementor-widget elementor-widget-heading\" data-id=\"4bb98c3\" data-element_type=\"widget\" data-e-type=\"widget\" data-widget_type=\"heading.default\">\n\t\t\t\t<div class=\"elementor-widget-container\">\n\t\t\t\t\t<h4 class=\"elementor-heading-title elementor-size-medium\">Who we are and what we do?<\/h4>\t\t\t\t<\/div>\n\t\t\t\t<\/div>\n\t\t\t\t<div class=\"elementor-element elementor-element-0b7688b elementor-widget elementor-widget-heading\" data-id=\"0b7688b\" data-element_type=\"widget\" data-e-type=\"widget\" data-widget_type=\"heading.default\">\n\t\t\t\t<div class=\"elementor-widget-container\">\n\t\t\t\t\t<h3 class=\"elementor-heading-title elementor-size-default\">Eesti S\u00fcnnitusmajade Toetusfond helps start a new life!<\/h3>\t\t\t\t<\/div>\n\t\t\t\t<\/div>\n\t\t\t\t<div class=\"elementor-element elementor-element-e277a99 elementor-widget elementor-widget-text-editor\" data-id=\"e277a99\" data-element_type=\"widget\" data-e-type=\"widget\" data-widget_type=\"text-editor.default\">\n\t\t\t\t<div class=\"elementor-widget-container\">\n\t\t\t\t\t\t\t\t\t<h3 class=\"weBlock__title\">We are loving, caring, and dedicated.<\/h3><p class=\"weBlock__text\">We want every family to feel as good in the hospital as at home..<\/p><h3 class=\"weBlock__title\">We are part of a community.<\/h3><p class=\"weBlock__text\">We create various cooperation projects where everyone can contribute with us and feel like a valuable member of the community.<\/p><h3 class=\"weBlock__title\">We are honest and open.<\/h3><p class=\"weBlock__text\">By keeping our activities transparent, we can guarantee that every donation goes to the right place.<\/p><h3 class=\"weBlock__title\">We offer a sense of security.<\/h3><p class=\"weBlock__text\">Through innovative technology, and friendly and dedicated staff.<\/p>\t\t\t\t\t\t\t\t<\/div>\n\t\t\t\t<\/div>\n\t\t\t\t\t<\/div>\n\t\t<\/div>\n\t\t\t\t<div class=\"elementor-column elementor-col-50 elementor-top-column elementor-element elementor-element-e562dbe\" data-id=\"e562dbe\" data-element_type=\"column\" data-e-type=\"column\">\n\t\t\t<div class=\"elementor-widget-wrap elementor-element-populated\">\n\t\t\t\t\t\t<div class=\"elementor-element elementor-element-13846f8 elementor-widget elementor-widget-image\" data-id=\"13846f8\" data-element_type=\"widget\" data-e-type=\"widget\" data-widget_type=\"image.default\">\n\t\t\t\t<div class=\"elementor-widget-container\">\n\t\t\t\t\t\t\t\t\t\t\t\t\t\t\t<img fetchpriority=\"high\" decoding=\"async\" width=\"360\" height=\"242\" src=\"https:\/\/aitaneestit.ee\/wp-content\/uploads\/2020\/04\/Eesti-s\u00fcnnitusmajade-toetusfond.png\" class=\"attachment-large size-large wp-image-2363\" alt=\"Eesti s\u00fcnnitusmajade toetusfond\" srcset=\"https:\/\/aitaneestit.ee\/wp-content\/uploads\/2020\/04\/Eesti-s\u00fcnnitusmajade-toetusfond.png 360w, https:\/\/aitaneestit.ee\/wp-content\/uploads\/2020\/04\/Eesti-s\u00fcnnitusmajade-toetusfond-300x202.png 300w\" sizes=\"(max-width: 360px) 100vw, 360px\" \/>\t\t\t\t\t\t\t\t\t\t\t\t\t\t\t<\/div>\n\t\t\t\t<\/div>\n\t\t\t\t\t<\/div>\n\t\t<\/div>\n\t\t\t\t\t<\/div>\n\t\t<\/section>\n\t\t\t\t<section class=\"elementor-section elementor-top-section elementor-element elementor-element-33b3965 elementor-section-boxed elementor-section-height-default elementor-section-height-default\" data-id=\"33b3965\" data-element_type=\"section\" data-e-type=\"section\" data-settings=\"{&quot;background_background&quot;:&quot;classic&quot;}\">\n\t\t\t\t\t\t<div class=\"elementor-container elementor-column-gap-no\">\n\t\t\t\t\t<div class=\"elementor-column elementor-col-100 elementor-top-column elementor-element elementor-element-7f3a474\" data-id=\"7f3a474\" data-element_type=\"column\" data-e-type=\"column\">\n\t\t\t<div class=\"elementor-widget-wrap elementor-element-populated\">\n\t\t\t\t\t\t<div class=\"elementor-element elementor-element-e81c7a4 elementor-widget elementor-widget-text-editor\" data-id=\"e81c7a4\" data-element_type=\"widget\" data-e-type=\"widget\" data-widget_type=\"text-editor.default\">\n\t\t\t\t<div class=\"elementor-widget-container\">\n\t\t\t\t\t\t\t\t\t<h2 class=\"text-uppercase\">EVERY CHILD IS EXPECTED AND LOVED<\/h2><p>Eestimaa S\u00fcnnitusmajade Toetusfond (formerly Pelgulinna S\u00fcnnitusmaja Toetusfond SA) was established in 2000. The mission of the foundation is to contribute with the help of good supporters into the beginning of life to make sure that it is supported by a modern environment and different aids in the form of smart devices, in addition to the love of parents, professional doctors, and caring midwives.<\/p><p>Eestimaa S\u00fcnnitusmajade Toetusfond supports maternity wards across Estonia in acquiring the necessary innovative equipment and providing innovative and much-needed training for staff. Investments are also made in various appropriate support activities that contribute to the development of the field.<\/p><p>Our goal is to create a network of maternity hospitals covering the whole of Estonia, where it is possible to feel equally safe everywhere. In this way, we can offer mothers the confidence to come to their local maternity hospital, which has exactly the same high level of technical and staff skills as elsewhere.<\/p>\t\t\t\t\t\t\t\t<\/div>\n\t\t\t\t<\/div>\n\t\t\t\t\t<\/div>\n\t\t<\/div>\n\t\t\t\t\t<\/div>\n\t\t<\/section>\n\t\t\t\t<\/div>\n\t\t","protected":false},"excerpt":{"rendered":"<p>Eestimaa S\u00fcnnitusmajade Toetusfond Who we are and what we do? Eesti S\u00fcnnitusmajade Toetusfond helps start a new life! We are loving, caring, and dedicated. We want every family to feel as good in the hospital as at home.. We are part of a community. We create various cooperation projects where everyone can contribute with us&hellip;<\/p>\n","protected":false},"author":1,"featured_media":2489,"parent":0,"menu_order":20,"comment_status":"closed","ping_status":"closed","template":"elementor_header_footer","meta":{"give_campaign_id":0,"footnotes":""},"class_list":["post-2496","page","type-page","status-publish","has-post-thumbnail","hentry"],"yoast_head":"<!-- This site is optimized with the Yoast SEO plugin v27.3 - https:\/\/yoast.com\/product\/yoast-seo-wordpress\/ -->\n<title>partner - s\u00fcnnitusmajade toetusfond (EN) - aitaneestit.ee<\/title>\n<meta name=\"robots\" content=\"index, follow, max-snippet:-1, max-image-preview:large, max-video-preview:-1\" \/>\n<link rel=\"canonical\" href=\"https:\/\/aitaneestit.ee\/en\/sunnitusmajadetoetusfond\/\" \/>\n<meta property=\"og:locale\" content=\"en_US\" \/>\n<meta property=\"og:type\" content=\"article\" \/>\n<meta property=\"og:title\" content=\"partner - s\u00fcnnitusmajade toetusfond (EN) - aitaneestit.ee\" \/>\n<meta property=\"og:description\" content=\"Eestimaa S\u00fcnnitusmajade Toetusfond Who we are and what we do? Eesti S\u00fcnnitusmajade Toetusfond helps start a new life! We are loving, caring, and dedicated. We want every family to feel as good in the hospital as at home.. We are part of a community. We create various cooperation projects where everyone can contribute with us&hellip;\" \/>\n<meta property=\"og:url\" content=\"https:\/\/aitaneestit.ee\/en\/sunnitusmajadetoetusfond\/\" \/>\n<meta property=\"og:site_name\" content=\"aitaneestit.ee\" \/>\n<meta property=\"article:modified_time\" content=\"2020-05-26T20:18:06+00:00\" \/>\n<meta property=\"og:image\" content=\"https:\/\/aitaneestit.ee\/wp-content\/uploads\/2020\/03\/co004.jpg\" \/>\n\t<meta property=\"og:image:width\" content=\"1500\" \/>\n\t<meta property=\"og:image:height\" content=\"1000\" \/>\n\t<meta property=\"og:image:type\" content=\"image\/jpeg\" \/>\n<meta name=\"twitter:card\" content=\"summary_large_image\" \/>\n<meta name=\"twitter:label1\" content=\"Est. reading time\" \/>\n\t<meta name=\"twitter:data1\" content=\"1 minute\" \/>\n<script type=\"application\/ld+json\" class=\"yoast-schema-graph\">{\"@context\":\"https:\\\/\\\/schema.org\",\"@graph\":[{\"@type\":\"WebPage\",\"@id\":\"https:\\\/\\\/aitaneestit.ee\\\/en\\\/sunnitusmajadetoetusfond\\\/\",\"url\":\"https:\\\/\\\/aitaneestit.ee\\\/en\\\/sunnitusmajadetoetusfond\\\/\",\"name\":\"partner - s\u00fcnnitusmajade toetusfond (EN) - aitaneestit.ee\",\"isPartOf\":{\"@id\":\"https:\\\/\\\/aitaneestit.ee\\\/en\\\/#website\"},\"primaryImageOfPage\":{\"@id\":\"https:\\\/\\\/aitaneestit.ee\\\/en\\\/sunnitusmajadetoetusfond\\\/#primaryimage\"},\"image\":{\"@id\":\"https:\\\/\\\/aitaneestit.ee\\\/en\\\/sunnitusmajadetoetusfond\\\/#primaryimage\"},\"thumbnailUrl\":\"https:\\\/\\\/aitaneestit.ee\\\/wp-content\\\/uploads\\\/2020\\\/03\\\/co004.jpg\",\"datePublished\":\"2020-05-13T15:30:33+00:00\",\"dateModified\":\"2020-05-26T20:18:06+00:00\",\"breadcrumb\":{\"@id\":\"https:\\\/\\\/aitaneestit.ee\\\/en\\\/sunnitusmajadetoetusfond\\\/#breadcrumb\"},\"inLanguage\":\"en-US\",\"potentialAction\":[{\"@type\":\"ReadAction\",\"target\":[\"https:\\\/\\\/aitaneestit.ee\\\/en\\\/sunnitusmajadetoetusfond\\\/\"]}]},{\"@type\":\"ImageObject\",\"inLanguage\":\"en-US\",\"@id\":\"https:\\\/\\\/aitaneestit.ee\\\/en\\\/sunnitusmajadetoetusfond\\\/#primaryimage\",\"url\":\"https:\\\/\\\/aitaneestit.ee\\\/wp-content\\\/uploads\\\/2020\\\/03\\\/co004.jpg\",\"contentUrl\":\"https:\\\/\\\/aitaneestit.ee\\\/wp-content\\\/uploads\\\/2020\\\/03\\\/co004.jpg\",\"width\":1500,\"height\":1000},{\"@type\":\"BreadcrumbList\",\"@id\":\"https:\\\/\\\/aitaneestit.ee\\\/en\\\/sunnitusmajadetoetusfond\\\/#breadcrumb\",\"itemListElement\":[{\"@type\":\"ListItem\",\"position\":1,\"name\":\"Home\",\"item\":\"https:\\\/\\\/aitaneestit.ee\\\/en\\\/sample-page\\\/\"},{\"@type\":\"ListItem\",\"position\":2,\"name\":\"partner &#8211; s\u00fcnnitusmajade toetusfond (EN)\"}]},{\"@type\":\"WebSite\",\"@id\":\"https:\\\/\\\/aitaneestit.ee\\\/en\\\/#website\",\"url\":\"https:\\\/\\\/aitaneestit.ee\\\/en\\\/\",\"name\":\"aitaneestit.ee\",\"description\":\"\",\"publisher\":{\"@id\":\"https:\\\/\\\/aitaneestit.ee\\\/en\\\/#organization\"},\"potentialAction\":[{\"@type\":\"SearchAction\",\"target\":{\"@type\":\"EntryPoint\",\"urlTemplate\":\"https:\\\/\\\/aitaneestit.ee\\\/en\\\/?s={search_term_string}\"},\"query-input\":{\"@type\":\"PropertyValueSpecification\",\"valueRequired\":true,\"valueName\":\"search_term_string\"}}],\"inLanguage\":\"en-US\"},{\"@type\":\"Organization\",\"@id\":\"https:\\\/\\\/aitaneestit.ee\\\/en\\\/#organization\",\"name\":\"aitaneestit.ee\",\"url\":\"https:\\\/\\\/aitaneestit.ee\\\/en\\\/\",\"logo\":{\"@type\":\"ImageObject\",\"inLanguage\":\"en-US\",\"@id\":\"https:\\\/\\\/aitaneestit.ee\\\/en\\\/#\\\/schema\\\/logo\\\/image\\\/\",\"url\":\"https:\\\/\\\/aitaneestit.ee\\\/wp-content\\\/uploads\\\/2020\\\/05\\\/Aitan_Eestit_logo_v\u00e4rviline.png\",\"contentUrl\":\"https:\\\/\\\/aitaneestit.ee\\\/wp-content\\\/uploads\\\/2020\\\/05\\\/Aitan_Eestit_logo_v\u00e4rviline.png\",\"width\":116,\"height\":57,\"caption\":\"aitaneestit.ee\"},\"image\":{\"@id\":\"https:\\\/\\\/aitaneestit.ee\\\/en\\\/#\\\/schema\\\/logo\\\/image\\\/\"}}]}<\/script>\n<!-- \/ Yoast SEO plugin. -->","yoast_head_json":{"title":"partner - s\u00fcnnitusmajade toetusfond (EN) - aitaneestit.ee","robots":{"index":"index","follow":"follow","max-snippet":"max-snippet:-1","max-image-preview":"max-image-preview:large","max-video-preview":"max-video-preview:-1"},"canonical":"https:\/\/aitaneestit.ee\/en\/sunnitusmajadetoetusfond\/","og_locale":"en_US","og_type":"article","og_title":"partner - s\u00fcnnitusmajade toetusfond (EN) - aitaneestit.ee","og_description":"Eestimaa S\u00fcnnitusmajade Toetusfond Who we are and what we do? Eesti S\u00fcnnitusmajade Toetusfond helps start a new life! We are loving, caring, and dedicated. We want every family to feel as good in the hospital as at home.. We are part of a community. We create various cooperation projects where everyone can contribute with us&hellip;","og_url":"https:\/\/aitaneestit.ee\/en\/sunnitusmajadetoetusfond\/","og_site_name":"aitaneestit.ee","article_modified_time":"2020-05-26T20:18:06+00:00","og_image":[{"width":1500,"height":1000,"url":"https:\/\/aitaneestit.ee\/wp-content\/uploads\/2020\/03\/co004.jpg","type":"image\/jpeg"}],"twitter_card":"summary_large_image","twitter_misc":{"Est. reading time":"1 minute"},"schema":{"@context":"https:\/\/schema.org","@graph":[{"@type":"WebPage","@id":"https:\/\/aitaneestit.ee\/en\/sunnitusmajadetoetusfond\/","url":"https:\/\/aitaneestit.ee\/en\/sunnitusmajadetoetusfond\/","name":"partner - s\u00fcnnitusmajade toetusfond (EN) - aitaneestit.ee","isPartOf":{"@id":"https:\/\/aitaneestit.ee\/en\/#website"},"primaryImageOfPage":{"@id":"https:\/\/aitaneestit.ee\/en\/sunnitusmajadetoetusfond\/#primaryimage"},"image":{"@id":"https:\/\/aitaneestit.ee\/en\/sunnitusmajadetoetusfond\/#primaryimage"},"thumbnailUrl":"https:\/\/aitaneestit.ee\/wp-content\/uploads\/2020\/03\/co004.jpg","datePublished":"2020-05-13T15:30:33+00:00","dateModified":"2020-05-26T20:18:06+00:00","breadcrumb":{"@id":"https:\/\/aitaneestit.ee\/en\/sunnitusmajadetoetusfond\/#breadcrumb"},"inLanguage":"en-US","potentialAction":[{"@type":"ReadAction","target":["https:\/\/aitaneestit.ee\/en\/sunnitusmajadetoetusfond\/"]}]},{"@type":"ImageObject","inLanguage":"en-US","@id":"https:\/\/aitaneestit.ee\/en\/sunnitusmajadetoetusfond\/#primaryimage","url":"https:\/\/aitaneestit.ee\/wp-content\/uploads\/2020\/03\/co004.jpg","contentUrl":"https:\/\/aitaneestit.ee\/wp-content\/uploads\/2020\/03\/co004.jpg","width":1500,"height":1000},{"@type":"BreadcrumbList","@id":"https:\/\/aitaneestit.ee\/en\/sunnitusmajadetoetusfond\/#breadcrumb","itemListElement":[{"@type":"ListItem","position":1,"name":"Home","item":"https:\/\/aitaneestit.ee\/en\/sample-page\/"},{"@type":"ListItem","position":2,"name":"partner &#8211; s\u00fcnnitusmajade toetusfond (EN)"}]},{"@type":"WebSite","@id":"https:\/\/aitaneestit.ee\/en\/#website","url":"https:\/\/aitaneestit.ee\/en\/","name":"aitaneestit.ee","description":"","publisher":{"@id":"https:\/\/aitaneestit.ee\/en\/#organization"},"potentialAction":[{"@type":"SearchAction","target":{"@type":"EntryPoint","urlTemplate":"https:\/\/aitaneestit.ee\/en\/?s={search_term_string}"},"query-input":{"@type":"PropertyValueSpecification","valueRequired":true,"valueName":"search_term_string"}}],"inLanguage":"en-US"},{"@type":"Organization","@id":"https:\/\/aitaneestit.ee\/en\/#organization","name":"aitaneestit.ee","url":"https:\/\/aitaneestit.ee\/en\/","logo":{"@type":"ImageObject","inLanguage":"en-US","@id":"https:\/\/aitaneestit.ee\/en\/#\/schema\/logo\/image\/","url":"https:\/\/aitaneestit.ee\/wp-content\/uploads\/2020\/05\/Aitan_Eestit_logo_v\u00e4rviline.png","contentUrl":"https:\/\/aitaneestit.ee\/wp-content\/uploads\/2020\/05\/Aitan_Eestit_logo_v\u00e4rviline.png","width":116,"height":57,"caption":"aitaneestit.ee"},"image":{"@id":"https:\/\/aitaneestit.ee\/en\/#\/schema\/logo\/image\/"}}]}},"campaignId":"","_links":{"self":[{"href":"https:\/\/aitaneestit.ee\/en\/wp-json\/wp\/v2\/pages\/2496","targetHints":{"allow":["GET"]}}],"collection":[{"href":"https:\/\/aitaneestit.ee\/en\/wp-json\/wp\/v2\/pages"}],"about":[{"href":"https:\/\/aitaneestit.ee\/en\/wp-json\/wp\/v2\/types\/page"}],"author":[{"embeddable":true,"href":"https:\/\/aitaneestit.ee\/en\/wp-json\/wp\/v2\/users\/1"}],"replies":[{"embeddable":true,"href":"https:\/\/aitaneestit.ee\/en\/wp-json\/wp\/v2\/comments?post=2496"}],"version-history":[{"count":2,"href":"https:\/\/aitaneestit.ee\/en\/wp-json\/wp\/v2\/pages\/2496\/revisions"}],"predecessor-version":[{"id":2907,"href":"https:\/\/aitaneestit.ee\/en\/wp-json\/wp\/v2\/pages\/2496\/revisions\/2907"}],"wp:featuredmedia":[{"embeddable":true,"href":"https:\/\/aitaneestit.ee\/en\/wp-json\/wp\/v2\/media\/2489"}],"wp:attachment":[{"href":"https:\/\/aitaneestit.ee\/en\/wp-json\/wp\/v2\/media?parent=2496"}],"curies":[{"name":"wp","href":"https:\/\/api.w.org\/{rel}","templated":true}]}}